{"id":220,"date":"2022-08-20T19:39:09","date_gmt":"2022-08-20T19:39:09","guid":{"rendered":"https:\/\/razzi-97bbb1.ingress-earth.ewp.live\/?page_id=220"},"modified":"2023-11-22T15:38:10","modified_gmt":"2023-11-22T15:38:10","slug":"modes-de-paiement","status":"publish","type":"page","link":"https:\/\/www.modablanca.ma\/ar\/modes-de-paiement\/","title":{"rendered":"Modes de paiement"},"content":{"rendered":"<h3>Paiement \u00e0 la livraison<\/h3>\n<p>Le paiement \u00e0 la livraison est l&rsquo;unique modes de paiement disponible sur notre boutique, et le paiement \u00e0 la r\u00e9ception signifie que vous pouvez acheter via notre boutique en ligne et choisir le produit que vous souhaitez, puis passer la commande et payer \u00e0 la r\u00e9ception de votre commande.<\/p>\n<p>Nous enverrons le produit \u00e0 l\u2019endroit convenu (ville, quartier, maison ou autre emplacement).<\/p>","protected":false},"excerpt":{"rendered":"<p>Paiement \u00e0 la livraison Le paiement \u00e0 la livraison est l&rsquo;unique modes de paiement disponible sur notre boutique, et le<\/p>","protected":false},"author":2,"featured_media":0,"parent":0,"menu_order":0,"comment_status":"closed","ping_status":"closed","template":"","meta":{"footnotes":""},"class_list":["post-220","page","type-page","status-publish","hentry"],"jetpack_sharing_enabled":true,"_links":{"self":[{"href":"https:\/\/www.modablanca.ma\/ar\/wp-json\/wp\/v2\/pages\/220","targetHints":{"allow":["GET"]}}],"collection":[{"href":"https:\/\/www.modablanca.ma\/ar\/wp-json\/wp\/v2\/pages"}],"about":[{"href":"https:\/\/www.modablanca.ma\/ar\/wp-json\/wp\/v2\/types\/page"}],"author":[{"embeddable":true,"href":"https:\/\/www.modablanca.ma\/ar\/wp-json\/wp\/v2\/users\/2"}],"replies":[{"embeddable":true,"href":"https:\/\/www.modablanca.ma\/ar\/wp-json\/wp\/v2\/comments?post=220"}],"version-history":[{"count":4,"href":"https:\/\/www.modablanca.ma\/ar\/wp-json\/wp\/v2\/pages\/220\/revisions"}],"predecessor-version":[{"id":5949,"href":"https:\/\/www.modablanca.ma\/ar\/wp-json\/wp\/v2\/pages\/220\/revisions\/5949"}],"wp:attachment":[{"href":"https:\/\/www.modablanca.ma\/ar\/wp-json\/wp\/v2\/media?parent=220"}],"curies":[{"name":"wp","href":"https:\/\/api.w.org\/{rel}","templated":true}]}}