{"id":225,"date":"2022-08-20T19:42:52","date_gmt":"2022-08-20T19:42:52","guid":{"rendered":"https:\/\/razzi-97bbb1.ingress-earth.ewp.live\/?page_id=225"},"modified":"2025-03-20T12:59:15","modified_gmt":"2025-03-20T12:59:15","slug":"retours-echanges","status":"publish","type":"page","link":"https:\/\/www.modablanca.ma\/ar\/retours-echanges\/","title":{"rendered":"Retours &#038; \u00e9changes"},"content":{"rendered":"<article id=\"post-12\" class=\"post-12 page type-page status-publish hentry layout-v1 product-add-to-cart-ajax\">\n<h3>Politique de retour et d\u2019\u00e9change<\/h3>\n<p>\u2013 Les retours ou les \u00e9changes d\u2019un produit est un droit pour tous nos clients, et il comprend presque tous les produits que nous proposons sur notre boutique.<\/p>\n<p>\u2013 Les retours ou \u00e9changes peuvent \u00eatre effectu\u00e9s si le produit est dans son \u00e9tat d\u2019origine lors de l\u2019achat et emball\u00e9 dans son emballage d\u2019origine.<\/p>\n<p>\u2013 Retour dans les 48 heures jours et remplacement dans les sept (7) jours \u00e0 compter de la date d\u2019achat.<\/p>\n<p>\u2013 Veuillez nous contacter via la page Contactez-nous ou via nos num\u00e9ros de t\u00e9l\u00e9phone afin de demander un retour ou un \u00e9change.<\/p>\n<p>\u2013 Veuillez prendre en photo et envoyer le produit avec la ville, l\u2019adresse et le num\u00e9ro de commande sp\u00e9cifi\u00e9s afin qu\u2019il puisse \u00eatre remplac\u00e9 par un autre produit dans le cas o\u00f9 le produit est corrompu ou poss\u00e8de un certain d\u00e9faut, ou s\u2019il n\u2019est pas utilis\u00e9 conform\u00e9ment \u00e0 l\u2019accord.<\/p>\n<p>\u2013 Le montant est restitu\u00e9 au client en totalit\u00e9 si le produit qu\u2019il a re\u00e7u est compl\u00e8tement diff\u00e9rent du produit pr\u00e9sent\u00e9 sur notre site Web.<\/p>\n<p>\u2013 Nous ne sommes pas responsables des attentes de l\u2019utilisation des produits par le client, que nous n\u2019avons pas mentionn\u00e9es sur la page du produit sur notre site Web.<\/p>\n<\/article>\n<div id=\"gtx-trans\" style=\"position: absolute; left: 212px; top: 684.594px;\">\n<div class=\"gtx-trans-icon\"><\/div>\n<\/div>","protected":false},"excerpt":{"rendered":"<p>Politique de retour et d\u2019\u00e9change \u2013 Les retours ou les \u00e9changes d\u2019un produit est un droit pour tous nos clients,<\/p>","protected":false},"author":2,"featured_media":0,"parent":0,"menu_order":0,"comment_status":"closed","ping_status":"closed","template":"","meta":{"footnotes":""},"class_list":["post-225","page","type-page","status-publish","hentry"],"jetpack_sharing_enabled":true,"_links":{"self":[{"href":"https:\/\/www.modablanca.ma\/ar\/wp-json\/wp\/v2\/pages\/225","targetHints":{"allow":["GET"]}}],"collection":[{"href":"https:\/\/www.modablanca.ma\/ar\/wp-json\/wp\/v2\/pages"}],"about":[{"href":"https:\/\/www.modablanca.ma\/ar\/wp-json\/wp\/v2\/types\/page"}],"author":[{"embeddable":true,"href":"https:\/\/www.modablanca.ma\/ar\/wp-json\/wp\/v2\/users\/2"}],"replies":[{"embeddable":true,"href":"https:\/\/www.modablanca.ma\/ar\/wp-json\/wp\/v2\/comments?post=225"}],"version-history":[{"count":3,"href":"https:\/\/www.modablanca.ma\/ar\/wp-json\/wp\/v2\/pages\/225\/revisions"}],"predecessor-version":[{"id":9261,"href":"https:\/\/www.modablanca.ma\/ar\/wp-json\/wp\/v2\/pages\/225\/revisions\/9261"}],"wp:attachment":[{"href":"https:\/\/www.modablanca.ma\/ar\/wp-json\/wp\/v2\/media?parent=225"}],"curies":[{"name":"wp","href":"https:\/\/api.w.org\/{rel}","templated":true}]}}